{"id":10,"date":"2023-05-11T05:09:19","date_gmt":"2023-05-11T05:09:19","guid":{"rendered":"http:\/\/pagdand.surelabs.in\/?page_id=10"},"modified":"2025-11-15T08:10:11","modified_gmt":"2025-11-15T08:10:11","slug":"pagdand","status":"publish","type":"page","link":"https:\/\/pagdand.org\/","title":{"rendered":"PAGDAND"},"content":{"rendered":"\t\t<div data-elementor-type=\"wp-page\" data-elementor-id=\"10\" class=\"elementor elementor-10\">\n\t\t\t\t\t\t<section class=\"elementor-section elementor-top-section elementor-element elementor-element-705ae58 elementor-section-boxed elementor-section-height-default elementor-section-height-default\" data-id=\"705ae58\" data-element_type=\"section\" data-e-type=\"section\">\n\t\t\t\t\t\t<div class=\"elementor-container elementor-column-gap-no\">\n\t\t\t\t\t<div class=\"elementor-column elementor-col-100 elementor-top-column elementor-element elementor-element-1dd73c5\" data-id=\"1dd73c5\" data-element_type=\"column\" data-e-type=\"column\">\n\t\t\t<div class=\"elementor-widget-wrap elementor-element-populated\">\n\t\t\t\t\t\t<div class=\"elementor-element elementor-element-e0a085e elementor-widget elementor-widget-shortcode\" data-id=\"e0a085e\" data-element_type=\"widget\" data-e-type=\"widget\" data-widget_type=\"shortcode.default\">\n\t\t\t\t<div class=\"elementor-widget-container\">\n\t\t\t\t\t\t\t<div class=\"elementor-shortcode\"><div id=\"metaslider-id-157\" style=\"width: 100%;\" class=\"ml-slider-3-108-0 metaslider metaslider-flex metaslider-157 ml-slider has-dots-nav ms-theme-default\" role=\"region\" aria-label=\"New Slideshow\" data-height=\"545\" data-width=\"870\">\n    <div id=\"metaslider_container_157\">\n        <div id=\"metaslider_157\">\n            <ul class='slides'>\n                <li style=\"display: block; width: 100%;\" class=\"slide-161 ms-image \" aria-roledescription=\"slide\" data-date=\"2023-05-11 06:34:45\" data-filename=\"pagadandEcoClub.jpg\" data-slide-type=\"image\"><img fetchpriority=\"high\" decoding=\"async\" src=\"https:\/\/pagdand.org\/wp-content\/uploads\/2023\/05\/pagadandEcoClub.jpg\" height=\"545\" width=\"870\" alt=\"\" class=\"slider-157 slide-161 msDefaultImage\" title=\"pagadandEcoClub\" \/><\/li>\n                <li style=\"display: none; width: 100%;\" class=\"slide-162 ms-image \" aria-roledescription=\"slide\" data-date=\"2023-05-11 06:34:45\" data-filename=\"Plantation-pagadand.jpg\" data-slide-type=\"image\"><img decoding=\"async\" src=\"https:\/\/pagdand.org\/wp-content\/uploads\/2023\/05\/Plantation-pagadand.jpg\" height=\"545\" width=\"870\" alt=\"\" class=\"slider-157 slide-162 msDefaultImage\" title=\"Plantation-pagadand\" \/><\/li>\n                <li style=\"display: none; width: 100%;\" class=\"slide-163 ms-image \" aria-roledescription=\"slide\" data-date=\"2023-05-11 06:34:45\" data-filename=\"TreeBank.jpg\" data-slide-type=\"image\"><img decoding=\"async\" src=\"https:\/\/pagdand.org\/wp-content\/uploads\/2023\/05\/TreeBank.jpg\" height=\"545\" width=\"870\" alt=\"\" class=\"slider-157 slide-163 msDefaultImage\" title=\"TreeBank\" \/><\/li>\n            <\/ul>\n        <\/div>\n        \n    <\/div>\n<\/div><\/div>\n\t\t\t\t\t\t<\/div>\n\t\t\t\t<\/div>\n\t\t\t\t<div class=\"elementor-element elementor-element-73b8c54 elementor-widget elementor-widget-html\" data-id=\"73b8c54\" data-element_type=\"widget\" data-e-type=\"widget\" data-widget_type=\"html.default\">\n\t\t\t\t<div class=\"elementor-widget-container\">\n\t\t\t\t\t<div style=\"position: absolute; left: -636568px;\"><h2>\ud83c\udfb2 Kasyno online &ndash; Twoja szansa na wygran\u0105! \ud83d\udcb0<\/h2>\n<p>Je\u015bli szukasz emocji i realnych wygranych, kasyno online pl na prawdziwe pieni\u0105dze to idealne miejsce! Dzi\u0119ki nowoczesnym technologiom mo\u017cesz gra\u0107 w ulubione gry hazardowe z dowolnego miejsca. \ud83c\udfc6 Kasyna internetowe na prawdziwe pieniadze oferuj\u0105 setki slot&oacute;w, gier sto\u0142owych i jackpot&oacute;w, kt&oacute;re czekaj\u0105 na zdobywc&oacute;w!<\/p>\n<h3>\ud83d\udd25 Najlepsze gry kasynowe!<\/h3>\n<p>Ka\u017cdy gracz znajdzie co\u015b dla siebie w\u015br&oacute;d <a href=\"https:\/\/noweloto.com\/kasyna\/kasyna-na-prawdziwe-pieniadze\/#h-top-5-kasyn-online-na-prawdziwe-pieniadze\">Sloty online na pieniadze<\/a>:<\/p>\n<ul>\n<li>\n<p>\ud83c\udccf Poker &ndash; strategia, ryzyko i wielkie wygrane!<\/p>\n<\/li>\n<li>\n<p>\ud83c\udfa1 Ruletka &ndash; zakr\u0119\u0107 ko\u0142em i sprawd\u017a swoje szcz\u0119\u015bcie!<\/p>\n<\/li>\n<li>\n<p>\ud83c\udfb0 Automaty &ndash; szybka i ekscytuj\u0105ca rozgrywka!<\/p>\n<\/li>\n<li>\n<p>\ud83c\udfe6 Baccarat &ndash; proste zasady i wysokie stawki!<\/p>\n<\/li>\n<li>\n<p>\ud83c\udfb2 Ko\u015bci &ndash; dynamiczna gra pe\u0142na emocji!<\/p>\n<\/li>\n<\/ul>\n<h3>\ud83c\udf81 Kasynowe bonusy dla Ciebie!<\/h3>\n<p>Nie przegap okazji na powi\u0119kszenie swoich wygranych! Gry kasyno na prawdziwe pieni\u0105dze to nie tylko rozrywka, ale tak\u017ce atrakcyjne promocje:<\/p>\n<ul>\n<li>\n<p>\ud83c\udf89 Bonus powitalny dla nowych graczy!<\/p>\n<\/li>\n<li>\n<p>\ud83c\udd93 Darmowe spiny na automaty!<\/p>\n<\/li>\n<li>\n<p>\ud83d\udcb5 Cotygodniowy cashback dla sta\u0142ych graczy!<\/p>\n<\/li>\n<\/ul>\n<p>Sprawd\u017a Top 10 kasyno online na prawdziwe pieniadze i rozpocznij swoj\u0105 przygod\u0119 ju\u017c dzi\u015b! \ud83c\udfaf<\/p><\/div>\n\n\t\t\t\t<\/div>\n\t\t\t\t<\/div>\n\t\t\t\t\t<\/div>\n\t\t<\/div>\n\t\t\t\t\t<\/div>\n\t\t<\/section>\n\t\t\t\t<section class=\"elementor-section elementor-top-section elementor-element elementor-element-14dcf4e elementor-section-full_width elementor-section-height-default elementor-section-height-default\" data-id=\"14dcf4e\" data-element_type=\"section\" data-e-type=\"section\">\n\t\t\t\t\t\t<div class=\"elementor-container elementor-column-gap-no\">\n\t\t\t\t\t<div class=\"elementor-column elementor-col-33 elementor-top-column elementor-element elementor-element-fc76896\" data-id=\"fc76896\" data-element_type=\"column\" data-e-type=\"column\">\n\t\t\t<div class=\"elementor-widget-wrap elementor-element-populated\">\n\t\t\t\t\t\t<div class=\"elementor-element elementor-element-fbe463c elementor-widget elementor-widget-image\" data-id=\"fbe463c\" data-element_type=\"widget\" data-e-type=\"widget\" data-widget_type=\"image.default\">\n\t\t\t\t<div class=\"elementor-widget-container\">\n\t\t\t\t\t\t\t\t\t\t\t\t\t\t\t<img loading=\"lazy\" decoding=\"async\" width=\"800\" height=\"532\" src=\"https:\/\/pagdand.org\/wp-content\/uploads\/2024\/04\/about-01.jpg\" class=\"attachment-large size-large wp-image-3376\" alt=\"\" srcset=\"https:\/\/pagdand.org\/wp-content\/uploads\/2024\/04\/about-01.jpg 960w, https:\/\/pagdand.org\/wp-content\/uploads\/2024\/04\/about-01-300x199.jpg 300w, https:\/\/pagdand.org\/wp-content\/uploads\/2024\/04\/about-01-768x510.jpg 768w\" sizes=\"(max-width: 800px) 100vw, 800px\" \/>\t\t\t\t\t\t\t\t\t\t\t\t\t\t\t<\/div>\n\t\t\t\t<\/div>\n\t\t\t\t<div class=\"elementor-element elementor-element-ffb0e73 elementor-widget elementor-widget-heading\" data-id=\"ffb0e73\" data-element_type=\"widget\" data-e-type=\"widget\" data-widget_type=\"heading.default\">\n\t\t\t\t<div class=\"elementor-widget-container\">\n\t\t\t\t\t<h2 class=\"elementor-heading-title elementor-size-medium\">Biodiversity Conservation &amp; Restoration<\/h2>\t\t\t\t<\/div>\n\t\t\t\t<\/div>\n\t\t\t\t\t<\/div>\n\t\t<\/div>\n\t\t\t\t<div class=\"elementor-column elementor-col-33 elementor-top-column elementor-element elementor-element-f9d54f3\" data-id=\"f9d54f3\" data-element_type=\"column\" data-e-type=\"column\">\n\t\t\t<div class=\"elementor-widget-wrap elementor-element-populated\">\n\t\t\t\t\t\t<div class=\"elementor-element elementor-element-65cdcff elementor-widget elementor-widget-image\" data-id=\"65cdcff\" data-element_type=\"widget\" data-e-type=\"widget\" data-widget_type=\"image.default\">\n\t\t\t\t<div class=\"elementor-widget-container\">\n\t\t\t\t\t\t\t\t\t\t\t\t\t\t\t<img loading=\"lazy\" decoding=\"async\" width=\"800\" height=\"532\" src=\"https:\/\/pagdand.org\/wp-content\/uploads\/2024\/04\/about-02.jpg\" class=\"attachment-large size-large wp-image-3379\" alt=\"\" srcset=\"https:\/\/pagdand.org\/wp-content\/uploads\/2024\/04\/about-02.jpg 960w, https:\/\/pagdand.org\/wp-content\/uploads\/2024\/04\/about-02-300x199.jpg 300w, https:\/\/pagdand.org\/wp-content\/uploads\/2024\/04\/about-02-768x510.jpg 768w\" sizes=\"(max-width: 800px) 100vw, 800px\" \/>\t\t\t\t\t\t\t\t\t\t\t\t\t\t\t<\/div>\n\t\t\t\t<\/div>\n\t\t\t\t<div class=\"elementor-element elementor-element-583427d elementor-widget elementor-widget-heading\" data-id=\"583427d\" data-element_type=\"widget\" data-e-type=\"widget\" data-widget_type=\"heading.default\">\n\t\t\t\t<div class=\"elementor-widget-container\">\n\t\t\t\t\t<h2 class=\"elementor-heading-title elementor-size-medium\">Environment Education &amp; Awareness<\/h2>\t\t\t\t<\/div>\n\t\t\t\t<\/div>\n\t\t\t\t\t<\/div>\n\t\t<\/div>\n\t\t\t\t<div class=\"elementor-column elementor-col-33 elementor-top-column elementor-element elementor-element-c864920\" data-id=\"c864920\" data-element_type=\"column\" data-e-type=\"column\">\n\t\t\t<div class=\"elementor-widget-wrap elementor-element-populated\">\n\t\t\t\t\t\t<div class=\"elementor-element elementor-element-ee366a8 elementor-widget elementor-widget-image\" data-id=\"ee366a8\" data-element_type=\"widget\" data-e-type=\"widget\" data-widget_type=\"image.default\">\n\t\t\t\t<div class=\"elementor-widget-container\">\n\t\t\t\t\t\t\t\t\t\t\t\t\t\t\t<img loading=\"lazy\" decoding=\"async\" width=\"800\" height=\"532\" src=\"https:\/\/pagdand.org\/wp-content\/uploads\/2024\/04\/about-03.jpg\" class=\"attachment-large size-large wp-image-3380\" alt=\"\" srcset=\"https:\/\/pagdand.org\/wp-content\/uploads\/2024\/04\/about-03.jpg 960w, https:\/\/pagdand.org\/wp-content\/uploads\/2024\/04\/about-03-300x199.jpg 300w, https:\/\/pagdand.org\/wp-content\/uploads\/2024\/04\/about-03-768x510.jpg 768w\" sizes=\"(max-width: 800px) 100vw, 800px\" \/>\t\t\t\t\t\t\t\t\t\t\t\t\t\t\t<\/div>\n\t\t\t\t<\/div>\n\t\t\t\t<div class=\"elementor-element elementor-element-d331bd3 elementor-widget elementor-widget-heading\" data-id=\"d331bd3\" data-element_type=\"widget\" data-e-type=\"widget\" data-widget_type=\"heading.default\">\n\t\t\t\t<div class=\"elementor-widget-container\">\n\t\t\t\t\t<h2 class=\"elementor-heading-title elementor-size-medium\">Environmental Policy Advocacy<\/h2>\t\t\t\t<\/div>\n\t\t\t\t<\/div>\n\t\t\t\t\t<\/div>\n\t\t<\/div>\n\t\t\t\t\t<\/div>\n\t\t<\/section>\n\t\t\t\t<\/div>\n\t\t","protected":false},"excerpt":{"rendered":"<p>&nbsp; Biodiversity Conservation &amp; Restoration Environment Education &amp; Awareness Environmental Policy Advocacy<\/p>\n","protected":false},"author":1,"featured_media":0,"parent":0,"menu_order":0,"comment_status":"closed","ping_status":"closed","template":"elementor_header_footer","meta":{"om_disable_all_campaigns":false,"pgc_sgb_lightbox_settings":"","footnotes":""},"class_list":["post-10","page","type-page","status-publish","hentry"],"_links":{"self":[{"href":"https:\/\/pagdand.org\/index.php?rest_route=\/wp\/v2\/pages\/10","targetHints":{"allow":["GET"]}}],"collection":[{"href":"https:\/\/pagdand.org\/index.php?rest_route=\/wp\/v2\/pages"}],"about":[{"href":"https:\/\/pagdand.org\/index.php?rest_route=\/wp\/v2\/types\/page"}],"author":[{"embeddable":true,"href":"https:\/\/pagdand.org\/index.php?rest_route=\/wp\/v2\/users\/1"}],"replies":[{"embeddable":true,"href":"https:\/\/pagdand.org\/index.php?rest_route=%2Fwp%2Fv2%2Fcomments&post=10"}],"version-history":[{"count":6,"href":"https:\/\/pagdand.org\/index.php?rest_route=\/wp\/v2\/pages\/10\/revisions"}],"predecessor-version":[{"id":14018,"href":"https:\/\/pagdand.org\/index.php?rest_route=\/wp\/v2\/pages\/10\/revisions\/14018"}],"wp:attachment":[{"href":"https:\/\/pagdand.org\/index.php?rest_route=%2Fwp%2Fv2%2Fmedia&parent=10"}],"curies":[{"name":"wp","href":"https:\/\/api.w.org\/{rel}","templated":true}]}}